{"id":2,"date":"2021-08-05T15:15:43","date_gmt":"2021-08-05T15:15:43","guid":{"rendered":"https:\/\/upornik.com\/?page_id=2"},"modified":"2021-08-15T16:53:30","modified_gmt":"2021-08-15T16:53:30","slug":"kam_gremo","status":"publish","type":"page","link":"https:\/\/upornik.com\/","title":{"rendered":""},"content":{"rendered":"<div id=\"bdpp-post-gridbox-1\" class=\"bdpp-wrap bdpp-lite bdpp-post-grid-box-wrap bdpp-post-data-wrap bdpp-design-1  bdpp-clearfix\">\r\n\t<div class=\"bdpp-post-grid-box-inr-wrap bdpp-post-data-inr-wrap bdpp-clearfix\">\t<div class=\"bdpp-post-gridbox bdpp-post-gridbox-left bdpp-col-2 bdpp-columns bdpp-post-14 bdpp-post-standard  bdpp-no-thumb\">\r\n\t\t<div class=\"bdpp-post-grid-content\">\r\n\t\t\t\r\n\t\t\t<div class=\"bdpp-post-content-overlay\">\r\n\t\t\t\t<h2 class=\"bdpp-post-title\">\r\n\t\t\t\t\t<a href=\"https:\/\/upornik.com\/index.php\/2021\/08\/05\/kaj-se-dogaja\/\">Kaj se dogaja?<\/a>\r\n\t\t\t\t<\/h2>\r\n\r\n\t\t\t\t\t\t\t\t<div class=\"bdpp-post-meta bdpp-post-meta-up\">\r\n\t\t\t\t\t<span class=\"bdpp-post-meta-data bdpp-post-author\"><i class=\"bdpp-fa fa-solid fa-user\"><\/i>Admin<\/span><span class=\"bdpp-post-meta-sep\"> &ndash; <\/span><span class=\"bdpp-post-meta-data bdpp-post-date\"><i class=\"bdpp-fa fa-regular fa-clock\"><\/i>5 avgusta, 2021<\/span>\t\t\t\t<\/div>\r\n\t\t\t\t\t\t\t\t<div class=\"bdpp-post-content\">\r\n\t\t\t\t\t<div class=\"bdpp-post-desc\">Ker se imam pri svojem delu prilo\u017enost zares veliko pogovarjati z razli\u010dnimi ljudmi, ki so v ve\u010dini primerov dovolj razgledani in odprti za komunikacijo, sem ugotovil, da zaradi specifi\u010dnih zornih kotov pogleda na dogajanje, mnogi med njimi zaradi dreves ne vidijo gozda. Popolnoma jasno je, da samo razumevanje osnovnih postulatov \u010dasa v katerem \u017eivimo, samo po sebi vsakemu posamezniku ne re\u0161uje skoraj ni\u010desar. Vseeno pa lahko nekoliko pomaga pri usklajevanju sprejetih odlo\u010ditev in ravnanj, ter \u010de \u017ee ni\u010d drugega, pri zmanj\u0161anju \u0161tevila presene\u010denj, ki jih je v primeru, \u010de koncepta ne razumemo, lahko veliko. Iz teh spoznanj je nastala \u017eelja in potreba, da dejstva, sklepe, kot tudi ugibanja zapi\u0161em in dam v javnost.Kaj se dogaja in kdo je kdo v trenutni razporeditvi mo\u010di in interesov? \u010ceprav bom marsikomu ponovil marsikaj tistega, kar mnogi \u017ee vedo, je po moje nujno potrebno, da se sporazumemo okoli nekaterih preprostih enozna\u010dnih ugotovitev. Pri tem, da imamo kroni\u010dne te\u017eave s poimenovanjem stvari, ki jih vsak razume nekoliko po svoje, kar pri mno\u017eici ljudi lahko prina\u0161a ogromne razlike v razumevanju. \u010ce se samo na hitro ozrete kako ljudje razli\u010dno razumemo pojma politi\u010dnega levi\u010darstva in desni\u010darstva, mislim, da vsi razumemo o \u010dem govorim. Zato je v prvi vrsti treba vzpostaviti enotnost v definiciji samih pojmov in medsebojnih relacij, da sploh vemo, o \u010dem govorimo. \u010ce naj bi od nekdaj &quot;levo&quot; pomenilo bolj liberalno, socialno pravi\u010dnej\u0161e in napredno in desno vse tisto bolj konzervativno, protekcionisti\u010dno in tradicionalno, je namre\u010d prav dana\u0161nji \u010das tisti, ki se na \u010duden na\u010din...<\/div>\r\n\t\t\t\t\t\t\t\t\t\t\t<a href=\"https:\/\/upornik.com\/index.php\/2021\/08\/05\/kaj-se-dogaja\/\" class=\"bdpp-rdmr-btn\">Read More<\/a>\r\n\t\t\t\t\t\t\t\t\t<\/div>\r\n\t\t\t\t\t\t\t<\/div>\r\n\t\t<\/div>\r\n\t<\/div>\r\n\r\n<div class=\"bdpp-post-gridbox bdpp-post-gridbox-right bdpp-col-2 bdpp-columns bdpp-post-16 bdpp-post-standard  bdpp-no-thumb\">\r\n\t<div class=\"bdpp-post-grid-content bdpp-clearfix\">\r\n\t\t\r\n\t\t<div class=\"bdpp-col-s-12 bdpp-columns\">\r\n\t\t\t\r\n\t\t\t<div class=\"bdpp-post-content-overlay\">\r\n\t\t\t\t<h4 class=\"bdpp-post-title\">\r\n\t\t\t\t\t<a href=\"https:\/\/upornik.com\/index.php\/2021\/08\/05\/kam-gremo\/\">Kam gremo?<\/a>\r\n\t\t\t\t<\/h4>\r\n\r\n\t\t\t\t\t\t\t\t<div class=\"bdpp-post-meta bdpp-post-meta-up\">\r\n\t\t\t\t\t<span class=\"bdpp-post-meta-data bdpp-post-author\"><i class=\"bdpp-fa fa-solid fa-user\"><\/i>Admin<\/span><span class=\"bdpp-post-meta-sep\"> &ndash; <\/span><span class=\"bdpp-post-meta-data bdpp-post-date\"><i class=\"bdpp-fa fa-regular fa-clock\"><\/i>5 avgusta, 2021<\/span>\t\t\t\t<\/div>\r\n\t\t\t\t\t\t\t<\/div>\r\n\t\t<\/div>\r\n\t<\/div>\r\n<\/div>\r\n\t<\/div>\r\n\t<\/div>\n","protected":false},"excerpt":{"rendered":"","protected":false},"author":1,"featured_media":0,"parent":0,"menu_order":0,"comment_status":"closed","ping_status":"closed","template":"","meta":{"footnotes":""},"class_list":["post-2","page","type-page","status-publish","hentry"],"yoast_head":"<!-- This site is optimized with the Yoast SEO plugin v24.9 - https:\/\/yoast.com\/wordpress\/plugins\/seo\/ -->\n<title>\u010das je, da ukrepamo - upornik.com in kam gremo<\/title>\n<meta name=\"description\" content=\"Zapisi o tem kam gremo. Zakaj je temu tako, kdo so glavni igralci in kako lahko obrnemo dogajanje sebi v prid.\" \/>\n<meta name=\"robots\" content=\"index, follow, max-snippet:-1, max-image-preview:large, max-video-preview:-1\" \/>\n<link rel=\"canonical\" href=\"https:\/\/upornik.com\/\" \/>\n<meta property=\"og:locale\" content=\"sl_SI\" \/>\n<meta property=\"og:type\" content=\"article\" \/>\n<meta property=\"og:title\" content=\"\u010das je, da ukrepamo - upornik.com in kam gremo\" \/>\n<meta property=\"og:description\" content=\"Zapisi o tem kam gremo. Zakaj je temu tako, kdo so glavni igralci in kako lahko obrnemo dogajanje sebi v prid.\" \/>\n<meta property=\"og:url\" content=\"https:\/\/upornik.com\/\" \/>\n<meta property=\"og:site_name\" content=\"upornik.com\" \/>\n<meta property=\"article:modified_time\" content=\"2021-08-15T16:53:30+00:00\" \/>\n<meta name=\"twitter:card\" content=\"summary_large_image\" \/>\n<meta name=\"twitter:label1\" content=\"Est. reading time\" \/>\n\t<meta name=\"twitter:data1\" content=\"1 minuta\" \/>\n<script type=\"application\/ld+json\" class=\"yoast-schema-graph\">{\"@context\":\"https:\/\/schema.org\",\"@graph\":[{\"@type\":\"WebPage\",\"@id\":\"https:\/\/upornik.com\/\",\"url\":\"https:\/\/upornik.com\/\",\"name\":\"\u010das je, da ukrepamo - upornik.com in kam gremo\",\"isPartOf\":{\"@id\":\"https:\/\/upornik.com\/#website\"},\"datePublished\":\"2021-08-05T15:15:43+00:00\",\"dateModified\":\"2021-08-15T16:53:30+00:00\",\"description\":\"Zapisi o tem kam gremo. Zakaj je temu tako, kdo so glavni igralci in kako lahko obrnemo dogajanje sebi v prid.\",\"inLanguage\":\"sl-SI\",\"potentialAction\":[{\"@type\":\"ReadAction\",\"target\":[\"https:\/\/upornik.com\/\"]}]},{\"@type\":\"WebSite\",\"@id\":\"https:\/\/upornik.com\/#website\",\"url\":\"https:\/\/upornik.com\/\",\"name\":\"upornik.com\",\"description\":\"\u010das je, da ukrepamo\",\"potentialAction\":[{\"@type\":\"SearchAction\",\"target\":{\"@type\":\"EntryPoint\",\"urlTemplate\":\"https:\/\/upornik.com\/?s={search_term_string}\"},\"query-input\":{\"@type\":\"PropertyValueSpecification\",\"valueRequired\":true,\"valueName\":\"search_term_string\"}}],\"inLanguage\":\"sl-SI\"}]}<\/script>\n<!-- \/ Yoast SEO plugin. -->","yoast_head_json":{"title":"\u010das je, da ukrepamo - upornik.com in kam gremo","description":"Zapisi o tem kam gremo. Zakaj je temu tako, kdo so glavni igralci in kako lahko obrnemo dogajanje sebi v prid.","robots":{"index":"index","follow":"follow","max-snippet":"max-snippet:-1","max-image-preview":"max-image-preview:large","max-video-preview":"max-video-preview:-1"},"canonical":"https:\/\/upornik.com\/","og_locale":"sl_SI","og_type":"article","og_title":"\u010das je, da ukrepamo - upornik.com in kam gremo","og_description":"Zapisi o tem kam gremo. Zakaj je temu tako, kdo so glavni igralci in kako lahko obrnemo dogajanje sebi v prid.","og_url":"https:\/\/upornik.com\/","og_site_name":"upornik.com","article_modified_time":"2021-08-15T16:53:30+00:00","twitter_card":"summary_large_image","twitter_misc":{"Est. reading time":"1 minuta"},"schema":{"@context":"https:\/\/schema.org","@graph":[{"@type":"WebPage","@id":"https:\/\/upornik.com\/","url":"https:\/\/upornik.com\/","name":"\u010das je, da ukrepamo - upornik.com in kam gremo","isPartOf":{"@id":"https:\/\/upornik.com\/#website"},"datePublished":"2021-08-05T15:15:43+00:00","dateModified":"2021-08-15T16:53:30+00:00","description":"Zapisi o tem kam gremo. Zakaj je temu tako, kdo so glavni igralci in kako lahko obrnemo dogajanje sebi v prid.","inLanguage":"sl-SI","potentialAction":[{"@type":"ReadAction","target":["https:\/\/upornik.com\/"]}]},{"@type":"WebSite","@id":"https:\/\/upornik.com\/#website","url":"https:\/\/upornik.com\/","name":"upornik.com","description":"\u010das je, da ukrepamo","potentialAction":[{"@type":"SearchAction","target":{"@type":"EntryPoint","urlTemplate":"https:\/\/upornik.com\/?s={search_term_string}"},"query-input":{"@type":"PropertyValueSpecification","valueRequired":true,"valueName":"search_term_string"}}],"inLanguage":"sl-SI"}]}},"_links":{"self":[{"href":"https:\/\/upornik.com\/index.php\/wp-json\/wp\/v2\/pages\/2","targetHints":{"allow":["GET"]}}],"collection":[{"href":"https:\/\/upornik.com\/index.php\/wp-json\/wp\/v2\/pages"}],"about":[{"href":"https:\/\/upornik.com\/index.php\/wp-json\/wp\/v2\/types\/page"}],"author":[{"embeddable":true,"href":"https:\/\/upornik.com\/index.php\/wp-json\/wp\/v2\/users\/1"}],"replies":[{"embeddable":true,"href":"https:\/\/upornik.com\/index.php\/wp-json\/wp\/v2\/comments?post=2"}],"version-history":[{"count":2,"href":"https:\/\/upornik.com\/index.php\/wp-json\/wp\/v2\/pages\/2\/revisions"}],"predecessor-version":[{"id":25,"href":"https:\/\/upornik.com\/index.php\/wp-json\/wp\/v2\/pages\/2\/revisions\/25"}],"wp:attachment":[{"href":"https:\/\/upornik.com\/index.php\/wp-json\/wp\/v2\/media?parent=2"}],"curies":[{"name":"wp","href":"https:\/\/api.w.org\/{rel}","templated":true}]}}